{"id":713,"date":"2025-02-09T18:49:01","date_gmt":"2025-02-09T17:49:01","guid":{"rendered":"http:\/\/2025.tischlerei-wenk.de\/?page_id=713"},"modified":"2025-05-16T11:11:27","modified_gmt":"2025-05-16T09:11:27","slug":"impressum","status":"publish","type":"page","link":"https:\/\/www.tischlerei-wenk.de\/en\/impressum\/","title":{"rendered":"Impressum"},"content":{"rendered":"<div class=\"gb-container gb-container-7577c08b content\">\n\n<h1 class=\"gb-headline gb-headline-280236e3 gb-headline-text\">Impressum<\/h1>\n\n\n\n<p>Tischlerei Wenk<br>Inh. Dipl.-Ing. (FH) Marian Wenk<br>Burgwallstra\u00dfe 10<br>01920 Panschwitz-Kuckau OT Ostro<\/p>\n\n\n\n<p>Tel: (03 57 96) \u2013 9 64 89<br>Fax: (03 57 96) \u2013 9 64 99<br>E-Mail: info@tischlerei-wenk.de<\/p>\n\n\n\n<p>USt-IdNr DE 292 901 929<br>St-Nr 213\/286\/00134<\/p>\n\n\n\n<h3 class=\"gb-headline gb-headline-5cea1e0d gb-headline-text\">Haftungsauschluss und Copyright<\/h3>\n\n\n\n<p>Die Tischlerei Wenk aktualisiert und erg\u00e4nzt regelm\u00e4\u00dfig die Informationen auf diesen Webseiten. Die Informationen wurden sorgf\u00e4ltig recherchiert und gewissenhaft zusammengestellt. Trotzdem k\u00f6nnen sich die Daten zwischenzeitlich ver\u00e4ndert haben. Deshalb kann eine Haftung oder Garantie f\u00fcr die Aktualit\u00e4t, Richtigkeit und Vollst\u00e4ndigkeit der zur Verf\u00fcgung gestellten Informationen \u2013 insbesondere fremder Informationen \u2013 nicht \u00fcbernommen werden, sofern die Unvollst\u00e4ndigkeit oder Unrichtigkeit nicht auf Vorsatz oder grober Fahrl\u00e4ssigkeit der Tischlerei Wenk beruht. Deshalb sollten Sie die Richtigkeit der hier pr\u00e4sentierten Informationen \u00fcberpr\u00fcfen, insbesondere wenn sie als Grundlage f\u00fcr Gesch\u00e4fte dienen.<\/p>\n\n\n\n<p>Die Tischlerei Wenk ist f\u00fcr den Inhalt von Webseiten, auf die mittels Hyperlink verwiesen wird, nicht verantwortlich, soweit man von den Webinhalten keine Kenntnis hat und es technisch unm\u00f6glich und unzumutbar ist, die Nutzung im Falle rechtswidriger Inhalte zu verhindern. F\u00fcr diese Webseiten \u00fcbernimmt die Tischlerei Wenk ebenfalls keine Haftung oder Garantie.<\/p>\n\n\n\n<p>Inhalt, Struktur und Gestaltung dieser Webseiten sind urheberrechtlich gesch\u00fctzt. Auf diesen Webseiten zur Verf\u00fcgung gestellte Texte, Textteile, Grafiken, Tabellen oder Bildmaterialien, ihr Inhalt und ihre Kopien d\u00fcrfen ohne vorherige Zustimmung der Tischlerei Wenk auf keine Art ver\u00e4ndert, nicht vervielf\u00e4ltigt und nicht an Dritte verteilt oder \u00fcbermittelt werden.<\/p>\n\n\n\n<p>Auf die Homepage darf gelinkt werden, wenn die aufgerufene Webseite alleiniger Inhalt des Browserfensters wird.<\/p>\n\n<\/div>","protected":false},"excerpt":{"rendered":"<p>Impressum Tischlerei WenkInh. Dipl.-Ing. (FH) Marian WenkBurgwallstra\u00dfe 1001920 Panschwitz-Kuckau OT Ostro Tel: (03 57 96) \u2013 9 64 89Fax: (03 57 96) \u2013 9 64 99E-Mail: info@tischlerei-wenk.de USt-IdNr DE 292 901 929St-Nr 213\/286\/00134 Haftungsauschluss und Copyright Die Tischlerei Wenk aktualisiert und erg\u00e4nzt regelm\u00e4\u00dfig die Informationen auf diesen Webseiten. Die Informationen wurden sorgf\u00e4ltig recherchiert und gewissenhaft &#8230; <a title=\"Impressum\" class=\"read-more\" href=\"https:\/\/www.tischlerei-wenk.de\/en\/impressum\/\" aria-label=\"Read more about Impressum\">Read more<\/a><\/p>","protected":false},"author":1,"featured_media":0,"parent":0,"menu_order":0,"comment_status":"closed","ping_status":"closed","template":"","meta":{"footnotes":""},"class_list":["post-713","page","type-page","status-publish"],"yoast_head":"<!-- This site is optimized with the Yoast SEO plugin v27.0 - https:\/\/yoast.com\/product\/yoast-seo-wordpress\/ -->\n<title>Impressum - Tischlerei Wenk<\/title>\n<meta name=\"description\" content=\"Impressum\" \/>\n<meta name=\"robots\" content=\"index, follow, max-snippet:-1, max-image-preview:large, max-video-preview:-1\" \/>\n<link rel=\"canonical\" href=\"https:\/\/www.tischlerei-wenk.de\/en\/impressum\/\" \/>\n<meta property=\"og:locale\" content=\"en_GB\" \/>\n<meta property=\"og:type\" content=\"article\" \/>\n<meta property=\"og:title\" content=\"Impressum - Tischlerei Wenk\" \/>\n<meta property=\"og:description\" content=\"Impressum\" \/>\n<meta property=\"og:url\" content=\"https:\/\/www.tischlerei-wenk.de\/en\/impressum\/\" \/>\n<meta property=\"og:site_name\" content=\"Tischlerei Wenk\" \/>\n<meta property=\"article:modified_time\" content=\"2025-05-16T09:11:27+00:00\" \/>\n<meta property=\"og:image\" content=\"https:\/\/www.tischlerei-wenk.de\/wp-content\/uploads\/2025\/01\/start1.jpg\" \/>\n\t<meta property=\"og:image:width\" content=\"1920\" \/>\n\t<meta property=\"og:image:height\" content=\"1025\" \/>\n\t<meta property=\"og:image:type\" content=\"image\/jpeg\" \/>\n<meta name=\"twitter:card\" content=\"summary_large_image\" \/>\n<meta name=\"twitter:label1\" content=\"Estimated reading time\" \/>\n\t<meta name=\"twitter:data1\" content=\"1 minute\" \/>\n<script type=\"application\/ld+json\" class=\"yoast-schema-graph\">{\"@context\":\"https:\/\/schema.org\",\"@graph\":[{\"@type\":\"WebPage\",\"@id\":\"https:\/\/www.tischlerei-wenk.de\/impressum\/\",\"url\":\"https:\/\/www.tischlerei-wenk.de\/impressum\/\",\"name\":\"Impressum - Tischlerei Wenk\",\"isPartOf\":{\"@id\":\"https:\/\/www.tischlerei-wenk.de\/#website\"},\"datePublished\":\"2025-02-09T17:49:01+00:00\",\"dateModified\":\"2025-05-16T09:11:27+00:00\",\"description\":\"Impressum\",\"breadcrumb\":{\"@id\":\"https:\/\/www.tischlerei-wenk.de\/impressum\/#breadcrumb\"},\"inLanguage\":\"en-GB\",\"potentialAction\":[{\"@type\":\"ReadAction\",\"target\":[\"https:\/\/www.tischlerei-wenk.de\/impressum\/\"]}]},{\"@type\":\"BreadcrumbList\",\"@id\":\"https:\/\/www.tischlerei-wenk.de\/impressum\/#breadcrumb\",\"itemListElement\":[{\"@type\":\"ListItem\",\"position\":1,\"name\":\"Startseite\",\"item\":\"https:\/\/www.tischlerei-wenk.de\/\"},{\"@type\":\"ListItem\",\"position\":2,\"name\":\"Impressum\"}]},{\"@type\":\"WebSite\",\"@id\":\"https:\/\/www.tischlerei-wenk.de\/#website\",\"url\":\"https:\/\/www.tischlerei-wenk.de\/\",\"name\":\"Tischlerei Wenk\",\"description\":\"Tischlerhandwerk in Panschwitz-Kuckau nahe Kamenz in Sachsen\",\"publisher\":{\"@id\":\"https:\/\/www.tischlerei-wenk.de\/#organization\"},\"alternateName\":\"Tischlerei Wenk\",\"potentialAction\":[{\"@type\":\"SearchAction\",\"target\":{\"@type\":\"EntryPoint\",\"urlTemplate\":\"https:\/\/www.tischlerei-wenk.de\/?s={search_term_string}\"},\"query-input\":{\"@type\":\"PropertyValueSpecification\",\"valueRequired\":true,\"valueName\":\"search_term_string\"}}],\"inLanguage\":\"en-GB\"},{\"@type\":\"Organization\",\"@id\":\"https:\/\/www.tischlerei-wenk.de\/#organization\",\"name\":\"Tischlerei Wenk\",\"url\":\"https:\/\/www.tischlerei-wenk.de\/\",\"logo\":{\"@type\":\"ImageObject\",\"inLanguage\":\"en-GB\",\"@id\":\"https:\/\/www.tischlerei-wenk.de\/#\/schema\/logo\/image\/\",\"url\":\"https:\/\/www.tischlerei-wenk.de\/wp-content\/uploads\/2025\/02\/WENK-95-Flag-LOGO.png\",\"contentUrl\":\"https:\/\/www.tischlerei-wenk.de\/wp-content\/uploads\/2025\/02\/WENK-95-Flag-LOGO.png\",\"width\":1203,\"height\":200,\"caption\":\"Tischlerei Wenk\"},\"image\":{\"@id\":\"https:\/\/www.tischlerei-wenk.de\/#\/schema\/logo\/image\/\"}}]}<\/script>\n<!-- \/ Yoast SEO plugin. -->","yoast_head_json":{"title":"Impressum - Tischlerei Wenk","description":"Impressum","robots":{"index":"index","follow":"follow","max-snippet":"max-snippet:-1","max-image-preview":"max-image-preview:large","max-video-preview":"max-video-preview:-1"},"canonical":"https:\/\/www.tischlerei-wenk.de\/en\/impressum\/","og_locale":"en_GB","og_type":"article","og_title":"Impressum - Tischlerei Wenk","og_description":"Impressum","og_url":"https:\/\/www.tischlerei-wenk.de\/en\/impressum\/","og_site_name":"Tischlerei Wenk","article_modified_time":"2025-05-16T09:11:27+00:00","og_image":[{"width":1920,"height":1025,"url":"https:\/\/www.tischlerei-wenk.de\/wp-content\/uploads\/2025\/01\/start1.jpg","type":"image\/jpeg"}],"twitter_card":"summary_large_image","twitter_misc":{"Estimated reading time":"1 minute"},"schema":{"@context":"https:\/\/schema.org","@graph":[{"@type":"WebPage","@id":"https:\/\/www.tischlerei-wenk.de\/impressum\/","url":"https:\/\/www.tischlerei-wenk.de\/impressum\/","name":"Impressum - Tischlerei Wenk","isPartOf":{"@id":"https:\/\/www.tischlerei-wenk.de\/#website"},"datePublished":"2025-02-09T17:49:01+00:00","dateModified":"2025-05-16T09:11:27+00:00","description":"Impressum","breadcrumb":{"@id":"https:\/\/www.tischlerei-wenk.de\/impressum\/#breadcrumb"},"inLanguage":"en-GB","potentialAction":[{"@type":"ReadAction","target":["https:\/\/www.tischlerei-wenk.de\/impressum\/"]}]},{"@type":"BreadcrumbList","@id":"https:\/\/www.tischlerei-wenk.de\/impressum\/#breadcrumb","itemListElement":[{"@type":"ListItem","position":1,"name":"Startseite","item":"https:\/\/www.tischlerei-wenk.de\/"},{"@type":"ListItem","position":2,"name":"Impressum"}]},{"@type":"WebSite","@id":"https:\/\/www.tischlerei-wenk.de\/#website","url":"https:\/\/www.tischlerei-wenk.de\/","name":"Tischlerei Wenk","description":"Tischlerhandwerk in Panschwitz-Kuckau nahe Kamenz in Sachsen","publisher":{"@id":"https:\/\/www.tischlerei-wenk.de\/#organization"},"alternateName":"Tischlerei Wenk","potentialAction":[{"@type":"SearchAction","target":{"@type":"EntryPoint","urlTemplate":"https:\/\/www.tischlerei-wenk.de\/?s={search_term_string}"},"query-input":{"@type":"PropertyValueSpecification","valueRequired":true,"valueName":"search_term_string"}}],"inLanguage":"en-GB"},{"@type":"Organization","@id":"https:\/\/www.tischlerei-wenk.de\/#organization","name":"Tischlerei Wenk","url":"https:\/\/www.tischlerei-wenk.de\/","logo":{"@type":"ImageObject","inLanguage":"en-GB","@id":"https:\/\/www.tischlerei-wenk.de\/#\/schema\/logo\/image\/","url":"https:\/\/www.tischlerei-wenk.de\/wp-content\/uploads\/2025\/02\/WENK-95-Flag-LOGO.png","contentUrl":"https:\/\/www.tischlerei-wenk.de\/wp-content\/uploads\/2025\/02\/WENK-95-Flag-LOGO.png","width":1203,"height":200,"caption":"Tischlerei Wenk"},"image":{"@id":"https:\/\/www.tischlerei-wenk.de\/#\/schema\/logo\/image\/"}}]}},"_links":{"self":[{"href":"https:\/\/www.tischlerei-wenk.de\/en\/wp-json\/wp\/v2\/pages\/713","targetHints":{"allow":["GET"]}}],"collection":[{"href":"https:\/\/www.tischlerei-wenk.de\/en\/wp-json\/wp\/v2\/pages"}],"about":[{"href":"https:\/\/www.tischlerei-wenk.de\/en\/wp-json\/wp\/v2\/types\/page"}],"author":[{"embeddable":true,"href":"https:\/\/www.tischlerei-wenk.de\/en\/wp-json\/wp\/v2\/users\/1"}],"replies":[{"embeddable":true,"href":"https:\/\/www.tischlerei-wenk.de\/en\/wp-json\/wp\/v2\/comments?post=713"}],"version-history":[{"count":6,"href":"https:\/\/www.tischlerei-wenk.de\/en\/wp-json\/wp\/v2\/pages\/713\/revisions"}],"predecessor-version":[{"id":2096,"href":"https:\/\/www.tischlerei-wenk.de\/en\/wp-json\/wp\/v2\/pages\/713\/revisions\/2096"}],"wp:attachment":[{"href":"https:\/\/www.tischlerei-wenk.de\/en\/wp-json\/wp\/v2\/media?parent=713"}],"curies":[{"name":"wp","href":"https:\/\/api.w.org\/{rel}","templated":true}]}}