{"id":321,"date":"2025-01-26T09:27:47","date_gmt":"2025-01-26T09:27:47","guid":{"rendered":"https:\/\/wenk:8890\/?page_id=3"},"modified":"2025-02-27T15:11:47","modified_gmt":"2025-02-27T14:11:47","slug":"datenschutz","status":"publish","type":"page","link":"https:\/\/www.tischlerei-wenk.de\/en\/datenschutz\/","title":{"rendered":"Privacy Policy"},"content":{"rendered":"<div class=\"gb-container gb-container-316fc74a content\">\n\n<h1 class=\"gb-headline gb-headline-acbf21e7 gb-headline-text\">Privacy Policy<\/h1>\n\n\n\n<h2 class=\"wp-block-heading\">1. Datenschutz auf einen Blick<\/h2>\n\n\n\n<h3 class=\"wp-block-heading\">Allgemeine Hinweise<\/h3>\n\n\n\n<p>Die folgenden Hinweise geben einen einfachen \u00dcberblick dar\u00fcber, was mit Ihren personenbezogenen Daten passiert, wenn Sie unsere Website besuchen. Personenbezogene Daten sind alle Daten, mit denen Sie pers\u00f6nlich identifiziert werden k\u00f6nnen. Ausf\u00fchrliche Informationen zum Thema Datenschutz entnehmen Sie unserer unter diesem Text aufgef\u00fchrten Datenschutzerkl\u00e4rung.<\/p>\n\n\n\n<h2 class=\"wp-block-heading\">2. Allgemeine Hinweise und Pflichtinformationen<\/h2>\n\n\n\n<p>Die Betreiber dieser Seiten nehmen den Schutz Ihrer pers\u00f6nlichen Daten sehr ernst. Wir behandeln Ihre personenbezogenen Daten vertraulich und entsprechend der gesetzlichen Datenschutzvorschriften sowie dieser Datenschutzerkl\u00e4rung.<\/p>\n\n\n\n<p>Wenn Sie diese Website benutzen, werden verschiedene personenbezogene Daten erhoben. Personenbezogene Daten sind Daten, mit denen Sie pers\u00f6nlich identifiziert werden k\u00f6nnen. Die vorliegende Datenschutzerkl\u00e4rung erl\u00e4utert, welche Daten wir erheben und wof\u00fcr wir sie nutzen. Sie erl\u00e4utert auch, wie und zu welchem Zweck das geschieht.<\/p>\n\n\n\n<p>Wir weisen darauf hin, dass die Daten\u00fcbertragung im Internet (z.B. bei der Kommunikation per E-Mail) Sicherheitsl\u00fccken aufweisen kann. Ein l\u00fcckenloser Schutz der Daten vor dem Zugriff durch Dritte ist nicht m\u00f6glich.<\/p>\n\n\n\n<p>Fragen dazu bitte an &nbsp;<a href=\"mailto:info@tischlerei-wenk.de\">info@tischlerei-wenk.de<\/a><\/p>\n\n\n\n<h3 class=\"wp-block-heading\">SSL- bzw. TLS-Verschl\u00fcsselung<\/h3>\n\n\n\n<p>Diese Seite nutzt aus Sicherheitsgr\u00fcnden und zum Schutz der \u00dcbertragung vertraulicher Inhalte, wie zum Beispiel Bestellungen oder Anfragen, die Sie an uns als Seitenbetreiber senden, eine SSL-bzw. TLSVerschl\u00fcsselung. Eine verschl\u00fcsselte Verbindung erkennen Sie daran, dass die Adresszeile des Browsers von \u201chttp:\/\/\u201d auf \u201chttps:\/\/\u201d wechselt und an dem Schloss-Symbol in Ihrer Browserzeile.<\/p>\n\n\n\n<h3 class=\"wp-block-heading\">Auskunft, Sperrung, L\u00f6schung<\/h3>\n\n\n\n<p>Sie haben im Rahmen der geltenden gesetzlichen Bestimmungen jederzeit das Recht auf unentgeltliche Auskunft \u00fcber Ihre gespeicherten personenbezogenen Daten, deren Herkunft und Empf\u00e4nger und den Zweck der Datenverarbeitung und ggf. ein Recht auf Berichtigung, Sperrung oder L\u00f6schung dieser Daten. Hierzu sowie zu weiteren Fragen zum Thema personenbezogene Daten k\u00f6nnen Sie sich jederzeit unter der im Impressum angegebenen Adresse an uns wenden.<\/p>\n\n\n\n<h2 class=\"wp-block-heading\">3. Datenerfassung auf unserer Website<\/h2>\n\n\n\n<h3 class=\"wp-block-heading\">Cookies<\/h3>\n\n\n\n<p>Die Internetseiten verwenden teilweise so genannte Cookies. Cookies richten auf Ihrem Rechner keinen Schaden an und enthalten keine Viren. Cookies dienen dazu, unser Angebot nutzerfreundlicher, effektiver und sicherer zu machen. Cookies sind kleine Textdateien, die auf Ihrem Rechner abgelegt werden und die Ihr Browser speichert.<\/p>\n\n\n\n<p>Die meisten der von uns verwendeten Cookies sind so genannte \u201cSession-Cookies\u201d. Sie werden nach Ende Ihres Besuchs automatisch gel\u00f6scht. Andere Cookies bleiben auf Ihrem Endger\u00e4t gespeichert bis Sie diese l\u00f6schen. Diese Cookies erm\u00f6glichen es uns, Ihren Browser beim n\u00e4chsten Besuch wiederzuerkennen.<\/p>\n\n\n\n<p>Sie k\u00f6nnen Ihren Browser so einstellen, dass Sie \u00fcber das Setzen von Cookies informiert werden und Cookies nur im Einzelfall erlauben, die Annahme von Cookies f\u00fcr bestimmte F\u00e4lle oder generell ausschlie\u00dfen sowie das automatische L\u00f6schen der Cookies beim Schlie\u00dfen des Browser aktivieren. Bei der Deaktivierung von Cookies kann die Funktionalit\u00e4t dieser Website eingeschr\u00e4nkt sein.<\/p>\n\n\n\n<p>Cookies, die zur Durchf\u00fchrung des elektronischen Kommunikationsvorgangs oder zur Bereitstellung bestimmter, von Ihnen erw\u00fcnschter Funktionen (z.B. Warenkorbfunktion) erforderlich sind, werden auf Grundlage von Art. 6 Abs. 1 lit. f DSGVO gespeichert. Der Websitebetreiber hat ein berechtigtes Interesse an der Speicherung von Cookies zur technisch fehlerfreien und optimierten Bereitstellung seiner Dienste. Soweit andere Cookies (z.B. Cookies zur Analyse Ihres Surfverhaltens) gespeichert werden, werden diese in dieser Datenschutzerkl\u00e4rung gesondert behandelt.<\/p>\n\n\n\n<h3 class=\"wp-block-heading\">Server-Log-Dateien<\/h3>\n\n\n\n<p>Der Provider der Seiten erhebt und speichert automatisch Informationen in so genannten Server-Log-Dateien, die Ihr Browser automatisch an uns \u00fcbermittelt. Dies sind:<\/p>\n\n\n\n<ul class=\"wp-block-list\">\n<li>Browsertyp und Browserversion<\/li>\n\n\n\n<li>verwendetes Betriebssystem<\/li>\n\n\n\n<li>Referrer URL<\/li>\n\n\n\n<li>Hostname des zugreifenden Rechners<\/li>\n\n\n\n<li>Uhrzeit der Serveranfrage<\/li>\n\n\n\n<li>IP-Adresse<\/li>\n<\/ul>\n\n\n\n<p>Eine Zusammenf\u00fchrung dieser Daten mit anderen Datenquellen wird nicht vorgenommen.<\/p>\n\n\n\n<p>Grundlage f\u00fcr die Datenverarbeitung ist Art. 6 Abs. 1 lit. b DSGVO, der die Verarbeitung von Daten zur Erf\u00fcllung eines Vertrags oder vorvertraglicher Ma\u00dfnahmen gestattet.<\/p>\n\n\n\n<h3 class=\"gb-headline gb-headline-399837ac gb-headline-text\">Google Web Fonts<\/h3>\n\n\n\n<p>Diese Seite nutzt zur einheitlichen Darstellung von Schriftarten so genannte Google-Web-Fonts. Diese sind rechtskonform in die Site eingebunden.<\/p>\n\n<\/div>","protected":false},"excerpt":{"rendered":"<p>Datenschutz 1. Datenschutz auf einen Blick Allgemeine Hinweise Die folgenden Hinweise geben einen einfachen \u00dcberblick dar\u00fcber, was mit Ihren personenbezogenen Daten passiert, wenn Sie unsere Website besuchen. Personenbezogene Daten sind alle Daten, mit denen Sie pers\u00f6nlich identifiziert werden k\u00f6nnen. Ausf\u00fchrliche Informationen zum Thema Datenschutz entnehmen Sie unserer unter diesem Text aufgef\u00fchrten Datenschutzerkl\u00e4rung. 2. Allgemeine Hinweise &#8230; <a title=\"Privacy Policy\" class=\"read-more\" href=\"https:\/\/www.tischlerei-wenk.de\/en\/datenschutz\/\" aria-label=\"Read more about Datenschutz\">Read more<\/a><\/p>","protected":false},"author":1,"featured_media":0,"parent":0,"menu_order":0,"comment_status":"closed","ping_status":"open","template":"","meta":{"footnotes":""},"class_list":["post-321","page","type-page","status-publish"],"yoast_head":"<!-- This site is optimized with the Yoast SEO plugin v27.0 - https:\/\/yoast.com\/product\/yoast-seo-wordpress\/ -->\n<title>Datenschutz - Tischlerei Wenk<\/title>\n<meta name=\"description\" content=\"Datenschutz\" \/>\n<meta name=\"robots\" content=\"index, follow, max-snippet:-1, max-image-preview:large, max-video-preview:-1\" \/>\n<link rel=\"canonical\" href=\"https:\/\/www.tischlerei-wenk.de\/en\/datenschutz\/\" \/>\n<meta property=\"og:locale\" content=\"en_GB\" \/>\n<meta property=\"og:type\" content=\"article\" \/>\n<meta property=\"og:title\" content=\"Datenschutz - Tischlerei Wenk\" \/>\n<meta property=\"og:description\" content=\"Datenschutz\" \/>\n<meta property=\"og:url\" content=\"https:\/\/www.tischlerei-wenk.de\/en\/datenschutz\/\" \/>\n<meta property=\"og:site_name\" content=\"Tischlerei Wenk\" \/>\n<meta property=\"article:modified_time\" content=\"2025-02-27T14:11:47+00:00\" \/>\n<meta property=\"og:image\" content=\"https:\/\/www.tischlerei-wenk.de\/wp-content\/uploads\/2025\/01\/start1.jpg\" \/>\n\t<meta property=\"og:image:width\" content=\"1920\" \/>\n\t<meta property=\"og:image:height\" content=\"1025\" \/>\n\t<meta property=\"og:image:type\" content=\"image\/jpeg\" \/>\n<meta name=\"twitter:card\" content=\"summary_large_image\" \/>\n<meta name=\"twitter:label1\" content=\"Estimated reading time\" \/>\n\t<meta name=\"twitter:data1\" content=\"3 minutes\" \/>\n<script type=\"application\/ld+json\" class=\"yoast-schema-graph\">{\"@context\":\"https:\/\/schema.org\",\"@graph\":[{\"@type\":\"WebPage\",\"@id\":\"https:\/\/www.tischlerei-wenk.de\/datenschutz\/\",\"url\":\"https:\/\/www.tischlerei-wenk.de\/datenschutz\/\",\"name\":\"Datenschutz - Tischlerei Wenk\",\"isPartOf\":{\"@id\":\"https:\/\/www.tischlerei-wenk.de\/#website\"},\"datePublished\":\"2025-01-26T09:27:47+00:00\",\"dateModified\":\"2025-02-27T14:11:47+00:00\",\"description\":\"Datenschutz\",\"breadcrumb\":{\"@id\":\"https:\/\/www.tischlerei-wenk.de\/datenschutz\/#breadcrumb\"},\"inLanguage\":\"en-GB\",\"potentialAction\":[{\"@type\":\"ReadAction\",\"target\":[\"https:\/\/www.tischlerei-wenk.de\/datenschutz\/\"]}]},{\"@type\":\"BreadcrumbList\",\"@id\":\"https:\/\/www.tischlerei-wenk.de\/datenschutz\/#breadcrumb\",\"itemListElement\":[{\"@type\":\"ListItem\",\"position\":1,\"name\":\"Startseite\",\"item\":\"https:\/\/www.tischlerei-wenk.de\/\"},{\"@type\":\"ListItem\",\"position\":2,\"name\":\"Datenschutz\"}]},{\"@type\":\"WebSite\",\"@id\":\"https:\/\/www.tischlerei-wenk.de\/#website\",\"url\":\"https:\/\/www.tischlerei-wenk.de\/\",\"name\":\"Tischlerei Wenk\",\"description\":\"Tischlerhandwerk in Panschwitz-Kuckau nahe Kamenz in Sachsen\",\"publisher\":{\"@id\":\"https:\/\/www.tischlerei-wenk.de\/#organization\"},\"alternateName\":\"Tischlerei Wenk\",\"potentialAction\":[{\"@type\":\"SearchAction\",\"target\":{\"@type\":\"EntryPoint\",\"urlTemplate\":\"https:\/\/www.tischlerei-wenk.de\/?s={search_term_string}\"},\"query-input\":{\"@type\":\"PropertyValueSpecification\",\"valueRequired\":true,\"valueName\":\"search_term_string\"}}],\"inLanguage\":\"en-GB\"},{\"@type\":\"Organization\",\"@id\":\"https:\/\/www.tischlerei-wenk.de\/#organization\",\"name\":\"Tischlerei Wenk\",\"url\":\"https:\/\/www.tischlerei-wenk.de\/\",\"logo\":{\"@type\":\"ImageObject\",\"inLanguage\":\"en-GB\",\"@id\":\"https:\/\/www.tischlerei-wenk.de\/#\/schema\/logo\/image\/\",\"url\":\"https:\/\/www.tischlerei-wenk.de\/wp-content\/uploads\/2025\/02\/WENK-95-Flag-LOGO.png\",\"contentUrl\":\"https:\/\/www.tischlerei-wenk.de\/wp-content\/uploads\/2025\/02\/WENK-95-Flag-LOGO.png\",\"width\":1203,\"height\":200,\"caption\":\"Tischlerei Wenk\"},\"image\":{\"@id\":\"https:\/\/www.tischlerei-wenk.de\/#\/schema\/logo\/image\/\"}}]}<\/script>\n<!-- \/ Yoast SEO plugin. -->","yoast_head_json":{"title":"Datenschutz - Tischlerei Wenk","description":"Privacy Policy","robots":{"index":"index","follow":"follow","max-snippet":"max-snippet:-1","max-image-preview":"max-image-preview:large","max-video-preview":"max-video-preview:-1"},"canonical":"https:\/\/www.tischlerei-wenk.de\/en\/datenschutz\/","og_locale":"en_GB","og_type":"article","og_title":"Datenschutz - Tischlerei Wenk","og_description":"Datenschutz","og_url":"https:\/\/www.tischlerei-wenk.de\/en\/datenschutz\/","og_site_name":"Tischlerei Wenk","article_modified_time":"2025-02-27T14:11:47+00:00","og_image":[{"width":1920,"height":1025,"url":"https:\/\/www.tischlerei-wenk.de\/wp-content\/uploads\/2025\/01\/start1.jpg","type":"image\/jpeg"}],"twitter_card":"summary_large_image","twitter_misc":{"Estimated reading time":"3 minutes"},"schema":{"@context":"https:\/\/schema.org","@graph":[{"@type":"WebPage","@id":"https:\/\/www.tischlerei-wenk.de\/datenschutz\/","url":"https:\/\/www.tischlerei-wenk.de\/datenschutz\/","name":"Datenschutz - Tischlerei Wenk","isPartOf":{"@id":"https:\/\/www.tischlerei-wenk.de\/#website"},"datePublished":"2025-01-26T09:27:47+00:00","dateModified":"2025-02-27T14:11:47+00:00","description":"Privacy Policy","breadcrumb":{"@id":"https:\/\/www.tischlerei-wenk.de\/datenschutz\/#breadcrumb"},"inLanguage":"en-GB","potentialAction":[{"@type":"ReadAction","target":["https:\/\/www.tischlerei-wenk.de\/datenschutz\/"]}]},{"@type":"BreadcrumbList","@id":"https:\/\/www.tischlerei-wenk.de\/datenschutz\/#breadcrumb","itemListElement":[{"@type":"ListItem","position":1,"name":"Startseite","item":"https:\/\/www.tischlerei-wenk.de\/"},{"@type":"ListItem","position":2,"name":"Datenschutz"}]},{"@type":"WebSite","@id":"https:\/\/www.tischlerei-wenk.de\/#website","url":"https:\/\/www.tischlerei-wenk.de\/","name":"Tischlerei Wenk","description":"Tischlerhandwerk in Panschwitz-Kuckau nahe Kamenz in Sachsen","publisher":{"@id":"https:\/\/www.tischlerei-wenk.de\/#organization"},"alternateName":"Tischlerei Wenk","potentialAction":[{"@type":"SearchAction","target":{"@type":"EntryPoint","urlTemplate":"https:\/\/www.tischlerei-wenk.de\/?s={search_term_string}"},"query-input":{"@type":"PropertyValueSpecification","valueRequired":true,"valueName":"search_term_string"}}],"inLanguage":"en-GB"},{"@type":"Organization","@id":"https:\/\/www.tischlerei-wenk.de\/#organization","name":"Tischlerei Wenk","url":"https:\/\/www.tischlerei-wenk.de\/","logo":{"@type":"ImageObject","inLanguage":"en-GB","@id":"https:\/\/www.tischlerei-wenk.de\/#\/schema\/logo\/image\/","url":"https:\/\/www.tischlerei-wenk.de\/wp-content\/uploads\/2025\/02\/WENK-95-Flag-LOGO.png","contentUrl":"https:\/\/www.tischlerei-wenk.de\/wp-content\/uploads\/2025\/02\/WENK-95-Flag-LOGO.png","width":1203,"height":200,"caption":"Tischlerei Wenk"},"image":{"@id":"https:\/\/www.tischlerei-wenk.de\/#\/schema\/logo\/image\/"}}]}},"_links":{"self":[{"href":"https:\/\/www.tischlerei-wenk.de\/en\/wp-json\/wp\/v2\/pages\/321","targetHints":{"allow":["GET"]}}],"collection":[{"href":"https:\/\/www.tischlerei-wenk.de\/en\/wp-json\/wp\/v2\/pages"}],"about":[{"href":"https:\/\/www.tischlerei-wenk.de\/en\/wp-json\/wp\/v2\/types\/page"}],"author":[{"embeddable":true,"href":"https:\/\/www.tischlerei-wenk.de\/en\/wp-json\/wp\/v2\/users\/1"}],"replies":[{"embeddable":true,"href":"https:\/\/www.tischlerei-wenk.de\/en\/wp-json\/wp\/v2\/comments?post=321"}],"version-history":[{"count":6,"href":"https:\/\/www.tischlerei-wenk.de\/en\/wp-json\/wp\/v2\/pages\/321\/revisions"}],"predecessor-version":[{"id":1856,"href":"https:\/\/www.tischlerei-wenk.de\/en\/wp-json\/wp\/v2\/pages\/321\/revisions\/1856"}],"wp:attachment":[{"href":"https:\/\/www.tischlerei-wenk.de\/en\/wp-json\/wp\/v2\/media?parent=321"}],"curies":[{"name":"wp","href":"https:\/\/api.w.org\/{rel}","templated":true}]}}